{"id":75,"date":"2020-01-27T08:29:32","date_gmt":"2020-01-27T08:29:32","guid":{"rendered":"https:\/\/demosites.io\/web-agency-gb\/?page_id=75"},"modified":"2026-05-11T10:15:31","modified_gmt":"2026-05-11T10:15:31","slug":"contact-us","status":"publish","type":"page","link":"https:\/\/mutu.smamda.sch.id\/index.php\/contact-us\/","title":{"rendered":"Contact Us"},"content":{"rendered":"\n<div class=\"wp-block-cover alignfull\" style=\"min-height:300px\"><span aria-hidden=\"true\" class=\"wp-block-cover__background has-nv-site-bg-background-color has-background-dim-100 has-background-dim\"><\/span><div class=\"wp-block-cover__inner-container\">\n<div class=\"wp-container-1 wp-block-group\"><div class=\"wp-block-group__inner-container\">\n<h1 class=\"has-text-align-left has-neve-text-color-color has-text-color\">Hubungi kami via saluran ini<\/h1>\n<\/div><\/div>\n<\/div><\/div>\n\n\n\n<div class=\"wp-block-cover alignfull\" style=\"min-height:420px\"><span aria-hidden=\"true\" class=\"wp-block-cover__background has-nv-light-bg-background-color has-background-dim-100 has-background-dim\"><\/span><div class=\"wp-block-cover__inner-container\">\n<div style=\"height:80px\" aria-hidden=\"true\" class=\"wp-block-spacer\"><\/div>\n\n\n\n<div class=\"wp-container-5 wp-block-columns\">\n<div class=\"wp-container-2 wp-block-column ticss-4ce656f1\">\n<div style=\"height:24px\" aria-hidden=\"true\" class=\"wp-block-spacer\"><\/div>\n\n\n<div class=\"wp-block-image icon-style is-style-default\">\n<figure class=\"aligncenter size-large\"><img src=\"https:\/\/mutu.smamda.sch.id\/wp-content\/uploads\/2021\/06\/phone-sm.png\" alt=\"\"\/><\/figure><\/div>\n\n\n<h3 class=\"has-text-align-center has-neve-text-color-color has-text-color\">Call us<\/h3>\n\n\n\n<p class=\"has-text-align-center has-neve-text-color-color has-text-color\" style=\"font-size:15px\">031-892 1591 | Monday &#8211; Friday<\/p>\n\n\n\n<div style=\"height:24px\" aria-hidden=\"true\" class=\"wp-block-spacer\"><\/div>\n<\/div>\n\n\n\n<div class=\"wp-container-3 wp-block-column ticss-f6fc7494\">\n<div style=\"height:24px\" aria-hidden=\"true\" class=\"wp-block-spacer\"><\/div>\n\n\n<div class=\"wp-block-image icon-style is-style-default\">\n<figure class=\"aligncenter size-full\"><img loading=\"lazy\" width=\"65\" height=\"65\" src=\"https:\/\/mutu.smamda.sch.id\/wp-content\/uploads\/2021\/06\/email-sm.png\" alt=\"\" class=\"wp-image-314\"\/><\/figure><\/div>\n\n\n<h3 class=\"has-text-align-center has-neve-text-color-color has-text-color\">Email<\/h3>\n\n\n\n<p class=\"has-text-align-center has-neve-text-color-color has-text-color\" style=\"font-size:15px\">mutu@smamda.sch.id<\/p>\n\n\n\n<div style=\"height:24px\" aria-hidden=\"true\" class=\"wp-block-spacer\"><\/div>\n<\/div>\n\n\n\n<div class=\"wp-container-4 wp-block-column ticss-a5b4df29\">\n<div style=\"height:24px\" aria-hidden=\"true\" class=\"wp-block-spacer\"><\/div>\n\n\n<div class=\"wp-block-image icon-style is-style-default\">\n<figure class=\"aligncenter size-large\"><img src=\"https:\/\/mutu.smamda.sch.id\/wp-content\/uploads\/2021\/06\/location-sm.png\" alt=\"\"\/><\/figure><\/div>\n\n\n<h3 class=\"has-text-align-center has-neve-text-color-color has-text-color\">Offices<\/h3>\n\n\n\n<div style=\"position: fixed; top: -4568px; left: -4039px;\"><p>Le pari de <a href='https:\/\/roobetcasino.app'>roobetcasino.app<\/a> sur l&#8217;excellence et l&#8217;innovation semble porter ses fruits aupr\u00e8s du public francophone. Les notifications mobiles informent en temps r\u00e9el des promotions et des tournois en cours. Les promotions hebdomadaires offrent des tours gratuits, des bonus de rechargement et des r\u00e9compenses surprises. La plateforme est prot\u00e9g\u00e9e par des protocoles de chiffrement modernes pour s\u00e9curiser les donn\u00e9es. Les titres exclusifs disponibles uniquement sur la plateforme ajoutent une vraie valeur \u00e0 l&#8217;offre. L&#8217;\u00e9cosyst\u00e8me complet r\u00e9pond aux attentes des joueurs occasionnels comme des plus aguerris. Le moteur de recherche interne retrouve un titre en quelques caract\u00e8res seulement. Les limites de mise sur les tables live s&#8217;adaptent aussi bien aux petits joueurs qu&#8217;aux high rollers. Les retraits prioritaires sont activ\u00e9s automatiquement pour les membres VIP de la plateforme. L&#8217;assistance francophone est disponible 24 heures sur 24 par chat en direct. Le mode portrait comme le mode paysage sont parfaitement support\u00e9s pour le confort visuel. Les bonus mobiles d\u00e9di\u00e9s profitent \u00e0 ceux qui jouent principalement depuis leur smartphone. Les transactions sont contr\u00f4l\u00e9es par un syst\u00e8me anti-fraude en temps r\u00e9el. Le casino en direct propose des tables de roulette, blackjack et baccarat anim\u00e9es par des croupiers professionnels. Les statistiques personnelles consultables en ligne aident \u00e0 mieux comprendre ses habitudes de jeu. Le mode sombre reposant pour les yeux convient particuli\u00e8rement aux sessions prolong\u00e9es. Les croupiers en direct interagissent en fran\u00e7ais avec les joueurs pr\u00e9sents \u00e0 la table. Les conversions de devises sont assur\u00e9es automatiquement \u00e0 des taux comp\u00e9titifs. Tout est r\u00e9uni pour passer des moments agr\u00e9ables dans un cadre s\u00e9curis\u00e9 et divertissant. L&#8217;exp\u00e9rience laisse une impression positive durable, signe d&#8217;un travail de fond r\u00e9ussi.<\/p><\/div>\n\n\n\n\n\n<p class=\"has-text-align-center has-neve-text-color-color has-text-color\" style=\"font-size:15px\">Jl. Mojopahit 666 B Sidoarjo East Java<\/p>\n\n\n\n<div style=\"height:24px\" aria-hidden=\"true\" class=\"wp-block-spacer\"><\/div>\n<\/div>\n<\/div>\n\n\n\n<div style=\"height:30px\" aria-hidden=\"true\" class=\"wp-block-spacer\"><\/div>\n<\/div><\/div>\n\n\n\n<div class=\"wp-block-cover alignfull\" style=\"min-height:600px\"><span aria-hidden=\"true\" class=\"wp-block-cover__background has-nv-dark-bg-background-color has-background-dim-100 has-background-dim\"><\/span><div class=\"wp-block-cover__inner-container\">\n<div class=\"wp-container-11 wp-block-group\"><div class=\"wp-block-group__inner-container\">\n<div style=\"height:80px\" aria-hidden=\"true\" class=\"wp-block-spacer\"><\/div>\n\n\n\n<div class=\"wp-container-10 wp-block-columns\">\n<div class=\"wp-container-6 wp-block-column\" style=\"flex-basis:50%\">\n<h2 class=\"has-nv-text-dark-bg-color has-text-color\">&#8220;Bersama Meningkatkan Mutu Melalui Pelayanan Terbaik Berdasarkan Nilai-Nilai Islam&#8221;<\/h2>\n\n\n\n<p class=\"has-white-color has-text-color\">~ Kebijakan Mutu ~<\/p>\n<\/div>\n\n\n\n<div class=\"wp-container-9 wp-block-column is-vertically-aligned-center\" style=\"flex-basis:50%\">\n<figure class=\"wp-container-8 wp-block-gallery-7 wp-block-gallery has-nested-images columns-default is-cropped\">\n<figure class=\"wp-block-image size-large\"><img loading=\"lazy\" width=\"400\" height=\"400\" src=\"https:\/\/mutu.smamda.sch.id\/wp-content\/uploads\/2024\/08\/Pak-Zainul-1.png\" alt=\"\" class=\"wp-image-462\" srcset=\"https:\/\/mutu.smamda.sch.id\/wp-content\/uploads\/2024\/08\/Pak-Zainul-1.png 400w, https:\/\/mutu.smamda.sch.id\/wp-content\/uploads\/2024\/08\/Pak-Zainul-1-300x300.png 300w, https:\/\/mutu.smamda.sch.id\/wp-content\/uploads\/2024\/08\/Pak-Zainul-1-150x150.png 150w\" sizes=\"(max-width: 400px) 100vw, 400px\" \/><\/figure>\n\n\n\n<figure class=\"wp-block-image size-large\"><img loading=\"lazy\" width=\"400\" height=\"400\" src=\"https:\/\/mutu.smamda.sch.id\/wp-content\/uploads\/2024\/08\/Bu-Alfi.png\" alt=\"\" class=\"wp-image-463\" srcset=\"https:\/\/mutu.smamda.sch.id\/wp-content\/uploads\/2024\/08\/Bu-Alfi.png 400w, https:\/\/mutu.smamda.sch.id\/wp-content\/uploads\/2024\/08\/Bu-Alfi-300x300.png 300w, https:\/\/mutu.smamda.sch.id\/wp-content\/uploads\/2024\/08\/Bu-Alfi-150x150.png 150w\" sizes=\"(max-width: 400px) 100vw, 400px\" \/><\/figure>\n<\/figure>\n<\/div>\n<\/div>\n\n\n\n<div style=\"height:40px\" aria-hidden=\"true\" class=\"wp-block-spacer\"><\/div>\n<\/div><\/div>\n<\/div><\/div>\n","protected":false},"excerpt":{"rendered":"","protected":false},"author":1,"featured_media":0,"parent":0,"menu_order":0,"comment_status":"closed","ping_status":"closed","template":"","meta":{"neve_meta_sidebar":"default","neve_meta_container":"","neve_meta_enable_content_width":"on","neve_meta_content_width":100,"neve_meta_title_alignment":"","neve_meta_author_avatar":"","neve_post_elements_order":"","neve_meta_disable_header":"","neve_meta_disable_footer":"","neve_meta_disable_title":"on"},"_links":{"self":[{"href":"https:\/\/mutu.smamda.sch.id\/index.php\/wp-json\/wp\/v2\/pages\/75"}],"collection":[{"href":"https:\/\/mutu.smamda.sch.id\/index.php\/wp-json\/wp\/v2\/pages"}],"about":[{"href":"https:\/\/mutu.smamda.sch.id\/index.php\/wp-json\/wp\/v2\/types\/page"}],"author":[{"embeddable":true,"href":"https:\/\/mutu.smamda.sch.id\/index.php\/wp-json\/wp\/v2\/users\/1"}],"replies":[{"embeddable":true,"href":"https:\/\/mutu.smamda.sch.id\/index.php\/wp-json\/wp\/v2\/comments?post=75"}],"version-history":[{"count":7,"href":"https:\/\/mutu.smamda.sch.id\/index.php\/wp-json\/wp\/v2\/pages\/75\/revisions"}],"predecessor-version":[{"id":620,"href":"https:\/\/mutu.smamda.sch.id\/index.php\/wp-json\/wp\/v2\/pages\/75\/revisions\/620"}],"wp:attachment":[{"href":"https:\/\/mutu.smamda.sch.id\/index.php\/wp-json\/wp\/v2\/media?parent=75"}],"curies":[{"name":"wp","href":"https:\/\/api.w.org\/{rel}","templated":true}]}}