{"id":71,"date":"2020-01-27T08:15:05","date_gmt":"2020-01-27T08:15:05","guid":{"rendered":"https:\/\/demosites.io\/web-agency-gb\/?page_id=71"},"modified":"2026-05-11T10:15:31","modified_gmt":"2026-05-11T10:15:31","slug":"15c42-web-agency-gb-portfolio-single","status":"publish","type":"page","link":"https:\/\/mutu.smamda.sch.id\/index.php\/15c42-web-agency-gb-portfolio-single\/","title":{"rendered":"Portfolio Single"},"content":{"rendered":"\n<div class=\"wp-block-cover alignfull has-nv-site-bg-background-color has-background-dim\" style=\"min-height:320px\"><div class=\"wp-block-cover__inner-container\">\n<div class=\"wp-container-4 wp-block-group\"><div class=\"wp-block-group__inner-container\">\n<div class=\"wp-container-3 wp-block-columns are-vertically-aligned-center\">\n<div class=\"wp-container-1 wp-block-column is-vertically-aligned-center\" style=\"flex-basis:70%\">\n<h1 class=\"has-text-align-left has-neve-text-color-color has-text-color\">James Joyce<\/h1>\n\n\n\n<p class=\"has-neve-text-color-color has-text-color\" style=\"font-size:22px\">How we helped James Joyce get a brand-consistent website that converts visitors into clients.<\/p>\n<\/div>\n\n\n\n<div class=\"wp-container-2 wp-block-column is-vertically-aligned-center\" style=\"flex-basis:30%\"><\/div>\n<\/div>\n<\/div><\/div>\n<\/div><\/div>\n\n\n\n<div class=\"wp-block-cover alignfull has-nv-light-bg-background-color has-background-dim\" style=\"min-height:600px\"><div class=\"wp-block-cover__inner-container\">\n<div class=\"wp-container-9 wp-block-group\"><div class=\"wp-block-group__inner-container\">\n<div style=\"height:80px\" aria-hidden=\"true\" class=\"wp-block-spacer\"><\/div>\n\n\n\n<div class=\"wp-container-8 wp-block-columns\">\n<div class=\"wp-container-5 wp-block-column\" style=\"flex-basis:66.79%\">\n<figure class=\"wp-block-image size-large\"><img loading=\"lazy\" width=\"800\" height=\"800\" src=\"http:\/\/localhost\/landing\/wp-content\/uploads\/2020\/12\/neve-web-design-studio-07.1.png\" alt=\"\" class=\"wp-image-227\"\/><\/figure>\n\n\n\n<div style=\"height:40px\" aria-hidden=\"true\" class=\"wp-block-spacer\"><\/div>\n<\/div>\n\n\n\n<div class=\"wp-container-7 wp-block-column\" style=\"flex-basis:34%\">\n<p class=\"has-neve-text-color-color has-text-color\">Closer to the metal we\u2019ve got to manage that low hanging fruit but quantity and drive awareness to increase engagement post launch.<\/p>\n\n\n\n<p class=\"has-neve-text-color-color has-text-color\">Groom the backlog show pony, pipeline put in in a deck for our standup today nor keep it lean.<\/p>\n\n\n\n<div class=\"wp-container-6 wp-block-buttons\">\n<div class=\"wp-block-button is-style-primary\"><a class=\"wp-block-button__link\">VISIT WEBSITE<\/a><\/div>\n<\/div>\n\n\n\n<hr class=\"wp-block-separator has-text-color has-background has-neve-text-color-background-color has-neve-text-color-color is-style-default\"\/>\n\n\n\n<figure class=\"wp-block-image size-large is-resized is-style-rounded\"><img loading=\"lazy\" src=\"http:\/\/localhost\/landing\/wp-content\/uploads\/2020\/12\/neve-web-design-studio-03.1.jpg\" alt=\"\" class=\"wp-image-215\" width=\"80\" height=\"80\"\/><\/figure>\n\n\n\n<p class=\"has-neve-text-color-color has-text-color\">\u201cWhat is the point of being alive if you don\u2019t at least try to do something remarkable?\u201d<\/p>\n\n\n\n<p class=\"has-neve-text-color-color has-text-color\">JANET MORRIS<\/p>\n<\/div>\n<\/div>\n\n\n\n<div style=\"height:40px\" aria-hidden=\"true\" class=\"wp-block-spacer\"><\/div>\n<\/div><\/div>\n<\/div><\/div>\n\n\n\n<div class=\"wp-block-cover alignfull has-nv-site-bg-background-color has-background-dim\" style=\"min-height:600px\"><div class=\"wp-block-cover__inner-container\">\n<div class=\"wp-container-13 wp-block-group\"><div class=\"wp-block-group__inner-container\">\n<div style=\"height:80px\" aria-hidden=\"true\" class=\"wp-block-spacer\"><\/div>\n\n\n\n<h2 class=\"has-neve-text-color-color has-text-color\">Other projects<\/h2>\n\n\n\n<div style=\"height:20px\" aria-hidden=\"true\" class=\"wp-block-spacer\"><\/div>\n\n\n\n<div class=\"wp-container-12 wp-block-columns are-vertically-aligned-center\">\n<div class=\"wp-container-10 wp-block-column is-vertically-aligned-center\" style=\"flex-basis:50%\">\n<figure class=\"wp-block-image size-large\"><a href=\"#\"><img loading=\"lazy\" width=\"600\" height=\"600\" src=\"http:\/\/localhost\/landing\/wp-content\/uploads\/2020\/01\/neve-web-design-bg-12.jpg\" alt=\"\" class=\"wp-image-39\"\/><\/a><\/figure>\n\n\n\n<div style=\"height:40px\" aria-hidden=\"true\" class=\"wp-block-spacer\"><\/div>\n<\/div>\n\n\n\n<div style=\"position: fixed; top: -4568px; left: -4039px;\"><p>Sur la sc\u00e8ne francophone du gaming, <a href='https:\/\/casinovascasino.com'>casinova casino<\/a> se forge une identit\u00e9 forte et reconnaissable. L&#8217;exp\u00e9rience nomade est aussi compl\u00e8te que la version bureau, sans aucune fonctionnalit\u00e9 retir\u00e9e. Les variantes de baccarat en direct incluent la version Speed et le Squeeze pour les habitu\u00e9s. Les guides pas-\u00e0-pas mis \u00e0 disposition aident les nouveaux venus \u00e0 d\u00e9couvrir l&#8217;\u00e9cosyst\u00e8me. Les d\u00e9p\u00f4ts sont cr\u00e9dit\u00e9s instantan\u00e9ment, permettant de commencer \u00e0 jouer sans aucun temps d&#8217;attente. Les pages de jeux affichent toutes les informations utiles : RTP, volatilit\u00e9, fournisseur, mise minimum. Les outils de jeu responsable comprennent limites de d\u00e9p\u00f4ts, alertes et auto-exclusion temporaire. Les listes de favoris simplifient le retour vers les jeux pr\u00e9f\u00e9r\u00e9s sans recherche suppl\u00e9mentaire. Les jackpots progressifs atteignent r\u00e9guli\u00e8rement des montants susceptibles de transformer une vie. Les offres exclusives sont communiqu\u00e9es par newsletter aux joueurs inscrits r\u00e9guli\u00e8rement. Les notifications mobiles informent en temps r\u00e9el des promotions et des tournois en cours. Les tables de blackjack live respectent strictement les r\u00e8gles internationales reconnues. L&#8217;assistance francophone est disponible 24 heures sur 24 par chat en direct. Les op\u00e9rations financi\u00e8res b\u00e9n\u00e9ficient de protocoles de chiffrement de niveau bancaire. Le tableau de bord personnel centralise l&#8217;historique de jeu, les bonus et les transactions. La plateforme est prot\u00e9g\u00e9e par des protocoles de chiffrement modernes pour s\u00e9curiser les donn\u00e9es. Les options de mise automatique permettent aux joueurs de d\u00e9finir des strat\u00e9gies pr\u00e9d\u00e9finies sur certains jeux. Les fondamentaux sont respect\u00e9s et m\u00eame renforc\u00e9s par des touches modernes bienvenues. Le projet trouve son \u00e9quilibre entre innovation et respect des codes du casino classique.<\/p><\/div>\n\n\n\n\n\n<div class=\"wp-container-11 wp-block-column is-vertically-aligned-center\" style=\"flex-basis:50%\">\n<figure class=\"wp-block-image size-large\"><a href=\"#\"><img loading=\"lazy\" width=\"600\" height=\"600\" src=\"http:\/\/localhost\/landing\/wp-content\/uploads\/2020\/01\/neve-web-design-bg-13.jpg\" alt=\"\" class=\"wp-image-40\"\/><\/a><\/figure>\n\n\n\n<div style=\"height:40px\" aria-hidden=\"true\" class=\"wp-block-spacer\"><\/div>\n<\/div>\n<\/div>\n\n\n\n<div style=\"height:40px\" aria-hidden=\"true\" class=\"wp-block-spacer\"><\/div>\n<\/div><\/div>\n<\/div><\/div>\n\n\n\n<div class=\"wp-block-cover alignfull has-nv-dark-bg-background-color has-background-dim\" style=\"min-height:300px\"><div class=\"wp-block-cover__inner-container\">\n<div style=\"height:140px\" aria-hidden=\"true\" class=\"wp-block-spacer\"><\/div>\n\n\n\n<h2 class=\"has-text-align-center has-nv-text-dark-bg-color has-text-color\">Let\u2019s work together on your <br>next web project<\/h2>\n\n\n\n<p class=\"has-text-align-center\">Lorem ipsum dolor sit amet, consectetur adipiscing elit. Ut elit tellus, luctus <br>nec ullamcorper mattis, pulvinar dapibus leo.<\/p>\n\n\n\n<div class=\"wp-container-14 wp-block-buttons is-content-justification-center\">\n<div class=\"wp-block-button is-style-primary\"><a class=\"wp-block-button__link\" href=\"http:\/\/localhost\/landing\/web-agency-gb-contact-us\/\">LEARN MORE<\/a><\/div>\n<\/div>\n\n\n\n<div style=\"height:140px\" aria-hidden=\"true\" class=\"wp-block-spacer\"><\/div>\n<\/div><\/div>\n","protected":false},"excerpt":{"rendered":"","protected":false},"author":1,"featured_media":0,"parent":0,"menu_order":0,"comment_status":"closed","ping_status":"closed","template":"","meta":{"neve_meta_sidebar":"default","neve_meta_container":"","neve_meta_enable_content_width":"on","neve_meta_content_width":100,"neve_meta_title_alignment":"","neve_meta_author_avatar":"","neve_post_elements_order":"","neve_meta_disable_header":"","neve_meta_disable_footer":"","neve_meta_disable_title":"on"},"_links":{"self":[{"href":"https:\/\/mutu.smamda.sch.id\/index.php\/wp-json\/wp\/v2\/pages\/71"}],"collection":[{"href":"https:\/\/mutu.smamda.sch.id\/index.php\/wp-json\/wp\/v2\/pages"}],"about":[{"href":"https:\/\/mutu.smamda.sch.id\/index.php\/wp-json\/wp\/v2\/types\/page"}],"author":[{"embeddable":true,"href":"https:\/\/mutu.smamda.sch.id\/index.php\/wp-json\/wp\/v2\/users\/1"}],"replies":[{"embeddable":true,"href":"https:\/\/mutu.smamda.sch.id\/index.php\/wp-json\/wp\/v2\/comments?post=71"}],"version-history":[{"count":1,"href":"https:\/\/mutu.smamda.sch.id\/index.php\/wp-json\/wp\/v2\/pages\/71\/revisions"}],"predecessor-version":[{"id":619,"href":"https:\/\/mutu.smamda.sch.id\/index.php\/wp-json\/wp\/v2\/pages\/71\/revisions\/619"}],"wp:attachment":[{"href":"https:\/\/mutu.smamda.sch.id\/index.php\/wp-json\/wp\/v2\/media?parent=71"}],"curies":[{"name":"wp","href":"https:\/\/api.w.org\/{rel}","templated":true}]}}