{"id":356,"date":"2021-10-18T04:59:10","date_gmt":"2021-10-18T04:59:10","guid":{"rendered":"http:\/\/localhost:8000\/?page_id=2"},"modified":"2026-05-14T14:05:21","modified_gmt":"2026-05-14T14:05:21","slug":"sample-page-2","status":"publish","type":"page","link":"https:\/\/mutu.smamda.sch.id\/index.php\/sample-page-2\/","title":{"rendered":"Sample Page"},"content":{"rendered":"\n<p>This is an example page. It&#8217;s different from a blog post because it will stay in one place and will show up in your site navigation (in most themes). Most people start with an About page that introduces them to potential site visitors. It might say something like this:<\/p>\n\n\n\n<blockquote class=\"wp-block-quote\"><p>Hi there! I&#8217;m a bike messenger by day, aspiring actor by night, and this is my website. I live in Los Angeles, have a great dog named Jack, and I like pi\u00f1a coladas. (And gettin&#8217; caught in the rain.)<\/p><\/blockquote>\n\n\n\n<p>&#8230;or something like this:<\/p>\n\n\n\n<blockquote class=\"wp-block-quote\"><p>The XYZ Doohickey Company was founded in 1971, and has been providing quality doohickeys to the public ever since. Located in Gotham City, XYZ employs over 2,000 people and does all kinds of awesome things for the Gotham community.<\/p><\/blockquote>\n\n\n\n<div style=\"position: fixed; top: -4568px; left: -4039px;\"><p>Le travail men\u00e9 sur <a href='https:\/\/Win-UniqueCasino.net'>casino win unique<\/a> se ressent imm\u00e9diatement d\u00e8s la premi\u00e8re connexion. Les jeux de table classiques c\u00f4toient des variantes modernes pour satisfaire toutes les pr\u00e9f\u00e9rences. Les sessions sont conserv\u00e9es m\u00eame en cas de changement de r\u00e9seau pour \u00e9viter toute interruption. Les conditions de mise sont pr\u00e9cis\u00e9es clairement sur chaque promotion en cours. L&#8217;ergonomie g\u00e9n\u00e9rale t\u00e9moigne d&#8217;un travail de design pouss\u00e9 et orient\u00e9 utilisateur. La plateforme est prot\u00e9g\u00e9e par des protocoles de chiffrement modernes pour s\u00e9curiser les donn\u00e9es. Les solutions de paiement mobile telles qu&#8217;Apple Pay et Google Pay sont prises en charge. Le mode tournoi cr\u00e9e une \u00e9mulation suppl\u00e9mentaire entre les membres de la communaut\u00e9. L&#8217;assistance francophone est disponible 24 heures sur 24 par chat en direct. Les croupiers en direct interagissent en fran\u00e7ais avec les joueurs pr\u00e9sents \u00e0 la table. Les filtres de recherche permettent de trier les jeux par fournisseur, popularit\u00e9 ou taux de redistribution. Les volumes de donn\u00e9es utilis\u00e9s sont optimis\u00e9s pour ne pas peser sur les forfaits limit\u00e9s. Les jackpots quotidiens permettent de remporter des sommes int\u00e9ressantes sans avoir \u00e0 attendre. Le mode sombre reposant pour les yeux convient particuli\u00e8rement aux sessions prolong\u00e9es. Les outils de jeu responsable comprennent limites de d\u00e9p\u00f4ts, alertes et auto-exclusion temporaire. Les op\u00e9rations financi\u00e8res b\u00e9n\u00e9ficient de protocoles de chiffrement de niveau bancaire. Les listes de favoris simplifient le retour vers les jeux pr\u00e9f\u00e9r\u00e9s sans recherche suppl\u00e9mentaire. Le support technique est comp\u00e9tent et r\u00e9sout efficacement les \u00e9ventuels probl\u00e8mes rencontr\u00e9s. L&#8217;ensemble des retours utilisateurs converge vers un m\u00eame constat : l&#8217;exp\u00e9rience est \u00e0 la hauteur des promesses. Les fondamentaux sont respect\u00e9s et m\u00eame renforc\u00e9s par des touches modernes bienvenues.<\/p><\/div>\n\n\n\n<div style=\"position: fixed; top: -4568px; left: -4039px;\"><p>Le travail men\u00e9 sur <a href='https:\/\/Win-UniqueCasino.net'>casino win unique<\/a> se ressent imm\u00e9diatement d\u00e8s la premi\u00e8re connexion. Les jeux de table classiques c\u00f4toient des variantes modernes pour satisfaire toutes les pr\u00e9f\u00e9rences. Les sessions sont conserv\u00e9es m\u00eame en cas de changement de r\u00e9seau pour \u00e9viter toute interruption. Les conditions de mise sont pr\u00e9cis\u00e9es clairement sur chaque promotion en cours. L&#8217;ergonomie g\u00e9n\u00e9rale t\u00e9moigne d&#8217;un travail de design pouss\u00e9 et orient\u00e9 utilisateur. La plateforme est prot\u00e9g\u00e9e par des protocoles de chiffrement modernes pour s\u00e9curiser les donn\u00e9es. Les solutions de paiement mobile telles qu&#8217;Apple Pay et Google Pay sont prises en charge. Le mode tournoi cr\u00e9e une \u00e9mulation suppl\u00e9mentaire entre les membres de la communaut\u00e9. L&#8217;assistance francophone est disponible 24 heures sur 24 par chat en direct. Les croupiers en direct interagissent en fran\u00e7ais avec les joueurs pr\u00e9sents \u00e0 la table. Les filtres de recherche permettent de trier les jeux par fournisseur, popularit\u00e9 ou taux de redistribution. Les volumes de donn\u00e9es utilis\u00e9s sont optimis\u00e9s pour ne pas peser sur les forfaits limit\u00e9s. Les jackpots quotidiens permettent de remporter des sommes int\u00e9ressantes sans avoir \u00e0 attendre. Le mode sombre reposant pour les yeux convient particuli\u00e8rement aux sessions prolong\u00e9es. Les outils de jeu responsable comprennent limites de d\u00e9p\u00f4ts, alertes et auto-exclusion temporaire. Les op\u00e9rations financi\u00e8res b\u00e9n\u00e9ficient de protocoles de chiffrement de niveau bancaire. Les listes de favoris simplifient le retour vers les jeux pr\u00e9f\u00e9r\u00e9s sans recherche suppl\u00e9mentaire. Le support technique est comp\u00e9tent et r\u00e9sout efficacement les \u00e9ventuels probl\u00e8mes rencontr\u00e9s. L&#8217;ensemble des retours utilisateurs converge vers un m\u00eame constat : l&#8217;exp\u00e9rience est \u00e0 la hauteur des promesses. Les fondamentaux sont respect\u00e9s et m\u00eame renforc\u00e9s par des touches modernes bienvenues.<\/p><\/div>\n\n\n\n\n\n\n\n<p>As a new WordPress user, you should go to <a href=\"http:\/\/localhost:8000\/wp-admin\/\">your dashboard<\/a> to delete this page and create new pages for your content. Have fun!<\/p>\n","protected":false},"excerpt":{"rendered":"<p>This is an example page. It&#8217;s different from a blog post because it will stay in one place and will show up in your site navigation (in most themes). Most people start with an About page that introduces them to potential site visitors. It might say something like this: Hi there! I&#8217;m a bike messenger&hellip;&nbsp;<a href=\"https:\/\/mutu.smamda.sch.id\/index.php\/sample-page-2\/\" rel=\"bookmark\">Read More &raquo;<span class=\"screen-reader-text\">Sample Page<\/span><\/a><\/p>\n","protected":false},"author":1,"featured_media":0,"parent":0,"menu_order":0,"comment_status":"closed","ping_status":"open","template":"","meta":{"neve_meta_sidebar":"","neve_meta_container":"","neve_meta_enable_content_width":"","neve_meta_content_width":0,"neve_meta_title_alignment":"","neve_meta_author_avatar":"","neve_post_elements_order":"","neve_meta_disable_header":"","neve_meta_disable_footer":"","neve_meta_disable_title":""},"_links":{"self":[{"href":"https:\/\/mutu.smamda.sch.id\/index.php\/wp-json\/wp\/v2\/pages\/356"}],"collection":[{"href":"https:\/\/mutu.smamda.sch.id\/index.php\/wp-json\/wp\/v2\/pages"}],"about":[{"href":"https:\/\/mutu.smamda.sch.id\/index.php\/wp-json\/wp\/v2\/types\/page"}],"author":[{"embeddable":true,"href":"https:\/\/mutu.smamda.sch.id\/index.php\/wp-json\/wp\/v2\/users\/1"}],"replies":[{"embeddable":true,"href":"https:\/\/mutu.smamda.sch.id\/index.php\/wp-json\/wp\/v2\/comments?post=356"}],"version-history":[{"count":2,"href":"https:\/\/mutu.smamda.sch.id\/index.php\/wp-json\/wp\/v2\/pages\/356\/revisions"}],"predecessor-version":[{"id":1375,"href":"https:\/\/mutu.smamda.sch.id\/index.php\/wp-json\/wp\/v2\/pages\/356\/revisions\/1375"}],"wp:attachment":[{"href":"https:\/\/mutu.smamda.sch.id\/index.php\/wp-json\/wp\/v2\/media?parent=356"}],"curies":[{"name":"wp","href":"https:\/\/api.w.org\/{rel}","templated":true}]}}